{"id":36,"date":"2025-04-08T17:49:59","date_gmt":"2025-04-08T15:49:59","guid":{"rendered":"http:\/\/schule-in-den-grasgaerten.de\/?page_id=36"},"modified":"2025-04-08T18:46:41","modified_gmt":"2025-04-08T16:46:41","slug":"schulsozialarbeit","status":"publish","type":"page","link":"http:\/\/schule-in-den-grasgaerten.de\/?page_id=36","title":{"rendered":"Schulsozialarbeit"},"content":{"rendered":"\n<div class=\"wp-block-columns is-layout-flex wp-container-core-columns-is-layout-2 wp-block-columns-is-layout-flex\">\n<div class=\"wp-block-column is-layout-flow wp-block-column-is-layout-flow\" style=\"flex-basis:100%\">\n<div class=\"wp-block-columns is-layout-flex wp-container-core-columns-is-layout-1 wp-block-columns-is-layout-flex\">\n<div class=\"wp-block-column is-layout-flow wp-block-column-is-layout-flow\"><div class=\"wp-block-image\">\n<figure class=\"aligncenter size-full is-resized\"><img loading=\"lazy\" decoding=\"async\" width=\"440\" height=\"651\" src=\"http:\/\/schule-in-den-grasgaerten.de\/wp-content\/uploads\/2025\/03\/Celine.jpg\" alt=\"\" class=\"wp-image-144\" style=\"width:200px\" srcset=\"http:\/\/schule-in-den-grasgaerten.de\/wp-content\/uploads\/2025\/03\/Celine.jpg 440w, http:\/\/schule-in-den-grasgaerten.de\/wp-content\/uploads\/2025\/03\/Celine-203x300.jpg 203w\" sizes=\"auto, (max-width: 440px) 100vw, 440px\" \/><figcaption class=\"wp-element-caption\">Celine Theobald<br>0160 90695846<br>Celine.Theobald@lvsaarland.awo.org<br>AWO Saarland<\/figcaption><\/figure><\/div><\/div>\n\n\n\n<div class=\"wp-block-column is-layout-flow wp-block-column-is-layout-flow\"><div class=\"wp-block-image\">\n<figure class=\"aligncenter size-large is-resized\"><img loading=\"lazy\" decoding=\"async\" width=\"857\" height=\"1024\" src=\"http:\/\/schule-in-den-grasgaerten.de\/wp-content\/uploads\/2025\/03\/David-2-857x1024.jpg\" alt=\"\" class=\"wp-image-145\" style=\"width:250px;height:auto\" srcset=\"http:\/\/schule-in-den-grasgaerten.de\/wp-content\/uploads\/2025\/03\/David-2-857x1024.jpg 857w, http:\/\/schule-in-den-grasgaerten.de\/wp-content\/uploads\/2025\/03\/David-2-251x300.jpg 251w, http:\/\/schule-in-den-grasgaerten.de\/wp-content\/uploads\/2025\/03\/David-2-768x918.jpg 768w, http:\/\/schule-in-den-grasgaerten.de\/wp-content\/uploads\/2025\/03\/David-2.jpg 1170w\" sizes=\"auto, (max-width: 857px) 100vw, 857px\" \/><figcaption class=\"wp-element-caption\">David Piehl<br>0160 2287535<br>d.piehl@lebenshilfe.sb.de<br>Lebenshilfe Saarbr\u00fccken<\/figcaption><\/figure><\/div><\/div>\n\n\n\n<div class=\"wp-block-column is-layout-flow wp-block-column-is-layout-flow\"><div class=\"wp-block-image\">\n<figure class=\"aligncenter size-full is-resized\"><img loading=\"lazy\" decoding=\"async\" width=\"383\" height=\"651\" src=\"http:\/\/schule-in-den-grasgaerten.de\/wp-content\/uploads\/2025\/03\/Julia.jpg\" alt=\"\" class=\"wp-image-146\" style=\"width:176px;height:auto\" srcset=\"http:\/\/schule-in-den-grasgaerten.de\/wp-content\/uploads\/2025\/03\/Julia.jpg 383w, http:\/\/schule-in-den-grasgaerten.de\/wp-content\/uploads\/2025\/03\/Julia-176x300.jpg 176w\" sizes=\"auto, (max-width: 383px) 100vw, 383px\" \/><figcaption class=\"wp-element-caption\">Julia Erke<br>0159 04202737<br>Julia.Erke@lvsaarland.awo.org<br>AWO Saarland<\/figcaption><\/figure><\/div><\/div>\n<\/div>\n<\/div>\n<\/div>\n\n\n\n<p class=\"has-white-color has-white-background-color has-text-color has-background has-link-color wp-elements-f3af10659a18cfd88d4a54e34f264cca\"><\/p>\n\n\n\n<p><strong>Ziele:<\/strong><\/p>\n\n\n\n<p>Zusammen mit den Lehrkr\u00e4ften unterst\u00fctzen wir Ihre Kinder dabei, sich pers\u00f6nlich, sozial und schulisch noch besser zu entwickeln.<\/p>\n\n\n\n<p><strong>Angebote:<\/strong><\/p>\n\n\n\n<p>Unsere Angebote sind kostenlos, freiwillig und auf Wunsch anonym.<\/p>\n\n\n\n<ul class=\"wp-block-list\">\n<li>Die Schulsozialarbeit bietet den <strong>Sch\u00fclerinnen und Sch\u00fclern<\/strong>:\n<ul class=\"wp-block-list\">\n<li>Hilfe bei Fragen oder wenn sie einen Rat braucht<\/li>\n\n\n\n<li>Unterst\u00fctzung bei Schwierigkeiten in der Schule oder Zuhause<\/li>\n\n\n\n<li>jemanden, der ihnen zuh\u00f6rt und sie ernst nimmt<\/li>\n\n\n\n<li>einen Vermittler bei Problemen oder im Streit mit Sch\u00fcler*innen, Lehrer*innen oder Eltern brauchen<\/li>\n<\/ul>\n<\/li>\n<\/ul>\n\n\n\n<p><\/p>\n\n\n\n<ul class=\"wp-block-list\">\n<li>Die Schulsozialarbeit bietet den <strong>Eltern oder Erziehungsberechtigten<\/strong>:\n<ul class=\"wp-block-list\">\n<li>Rat und Unterst\u00fctzung bei schulischen und erzieherischen Fragen<\/li>\n\n\n\n<li>einen Vermittler bei Problemen oder im Streit mit ihrem Kind oder Lehrkr\u00e4ften<\/li>\n\n\n\n<li>Rat zur Entwicklung des Kindes<\/li>\n\n\n\n<li>ein offenes Ohr bei Sorgen um ihre Kinder<\/li>\n\n\n\n<li>Begleitung zu Beratungsstellen suchen<\/li>\n<\/ul>\n<\/li>\n<\/ul>\n\n\n\n<p><strong>Pr\u00e4senszeiten:<\/strong><\/p>\n\n\n\n<figure class=\"wp-block-table\"><table class=\"has-fixed-layout\"><thead><tr><th class=\"has-text-align-center\" data-align=\"center\">Montag<\/th><th class=\"has-text-align-center\" data-align=\"center\">Dienstag<\/th><th class=\"has-text-align-center\" data-align=\"center\">Mittwoch<\/th><th class=\"has-text-align-center\" data-align=\"center\">Donnerstag<\/th><th class=\"has-text-align-center\" data-align=\"center\">Freitag<\/th><\/tr><\/thead><tbody><tr><td class=\"has-text-align-center\" data-align=\"center\">Celine Theobald<br>(bis 16 Uhr)<\/td><td class=\"has-text-align-center\" data-align=\"center\">Julia Erke<br>(bis 12 Uhr)<\/td><td class=\"has-text-align-center\" data-align=\"center\">Celine Theobald<br>(bis 16 Uhr)<\/td><td class=\"has-text-align-center\" data-align=\"center\">Julia Erke<br>(bis 12 Uhr)<\/td><td class=\"has-text-align-center\" data-align=\"center\">Celine Theobald<br>(bis 16 Uhr)<\/td><\/tr><tr><td class=\"has-text-align-center\" data-align=\"center\">David Piehl<br>(bis 15 Uhr)<\/td><td class=\"has-text-align-center\" data-align=\"center\"><\/td><td class=\"has-text-align-center\" data-align=\"center\">David Piehl<br>(bis 15 Uhr)<\/td><td class=\"has-text-align-center\" data-align=\"center\"><\/td><td class=\"has-text-align-center\" data-align=\"center\"><\/td><\/tr><\/tbody><\/table><\/figure>\n\n\n\n<p><strong>Elternbriefe:<\/strong><\/p>\n\n\n\n<div class=\"wp-block-file\"><a id=\"wp-block-file--media-f1fc1abb-bc33-4ac6-a107-555073c14bb5\" href=\"http:\/\/schule-in-den-grasgaerten.de\/wp-content\/uploads\/2025\/03\/Elternbrief-Celine-Theobald-und-Julia-Erke-AWO.pdf\" target=\"_blank\" rel=\"noreferrer noopener\">Elternbrief Celine Theobald und Julia Erke AWO<\/a><\/div>\n\n\n\n<div class=\"wp-block-file\"><a id=\"wp-block-file--media-f3f5763b-a181-417d-ab5f-61d1304a7111\" href=\"http:\/\/schule-in-den-grasgaerten.de\/wp-content\/uploads\/2025\/03\/Elternbrief-David-Piehl-Lebenshilfe.pdf\" target=\"_blank\" rel=\"noreferrer noopener\">Elternbrief David Piehl Lebenshilfe<\/a><\/div>\n","protected":false},"excerpt":{"rendered":"<p>Ziele: Zusammen mit den Lehrkr\u00e4ften unterst\u00fctzen wir Ihre Kinder dabei, sich pers\u00f6nlich, sozial und schulisch noch besser zu entwickeln. Angebote: Unsere Angebote sind kostenlos, freiwillig und auf Wunsch anonym. Pr\u00e4senszeiten: Montag Dienstag Mittwoch Donnerstag Freitag Celine Theobald(bis 16 Uhr) Julia Erke(bis 12 Uhr) Celine Theobald(bis 16 Uhr) Julia Erke(bis 12 Uhr) Celine Theobald(bis 16 Uhr) [&hellip;]<\/p>\n","protected":false},"author":1,"featured_media":0,"parent":0,"menu_order":0,"comment_status":"closed","ping_status":"closed","template":"","meta":{"footnotes":""},"class_list":["post-36","page","type-page","status-publish","hentry"],"_links":{"self":[{"href":"http:\/\/schule-in-den-grasgaerten.de\/index.php?rest_route=\/wp\/v2\/pages\/36","targetHints":{"allow":["GET"]}}],"collection":[{"href":"http:\/\/schule-in-den-grasgaerten.de\/index.php?rest_route=\/wp\/v2\/pages"}],"about":[{"href":"http:\/\/schule-in-den-grasgaerten.de\/index.php?rest_route=\/wp\/v2\/types\/page"}],"author":[{"embeddable":true,"href":"http:\/\/schule-in-den-grasgaerten.de\/index.php?rest_route=\/wp\/v2\/users\/1"}],"replies":[{"embeddable":true,"href":"http:\/\/schule-in-den-grasgaerten.de\/index.php?rest_route=%2Fwp%2Fv2%2Fcomments&post=36"}],"version-history":[{"count":3,"href":"http:\/\/schule-in-den-grasgaerten.de\/index.php?rest_route=\/wp\/v2\/pages\/36\/revisions"}],"predecessor-version":[{"id":286,"href":"http:\/\/schule-in-den-grasgaerten.de\/index.php?rest_route=\/wp\/v2\/pages\/36\/revisions\/286"}],"wp:attachment":[{"href":"http:\/\/schule-in-den-grasgaerten.de\/index.php?rest_route=%2Fwp%2Fv2%2Fmedia&parent=36"}],"curies":[{"name":"wp","href":"https:\/\/api.w.org\/{rel}","templated":true}]}}