{"id":35,"date":"2025-04-01T22:13:26","date_gmt":"2025-04-01T20:13:26","guid":{"rendered":"http:\/\/schule-in-den-grasgaerten.de\/?page_id=35"},"modified":"2026-01-27T10:56:06","modified_gmt":"2026-01-27T09:56:06","slug":"kollegium","status":"publish","type":"page","link":"http:\/\/schule-in-den-grasgaerten.de\/?page_id=35","title":{"rendered":"Kollegium"},"content":{"rendered":"<div class=\"wp-block-image\">\n<figure class=\"aligncenter size-large is-resized\"><img loading=\"lazy\" decoding=\"async\" width=\"1024\" height=\"864\" src=\"http:\/\/schule-in-den-grasgaerten.de\/wp-content\/uploads\/2024\/12\/0AC82EDE-B0E1-465A-AABE-5A8B5E111E20-2-1024x864.jpeg\" alt=\"\" class=\"wp-image-110\" style=\"aspect-ratio:1.5;object-fit:cover;width:552px;height:auto\" srcset=\"http:\/\/schule-in-den-grasgaerten.de\/wp-content\/uploads\/2024\/12\/0AC82EDE-B0E1-465A-AABE-5A8B5E111E20-2-1024x864.jpeg 1024w, http:\/\/schule-in-den-grasgaerten.de\/wp-content\/uploads\/2024\/12\/0AC82EDE-B0E1-465A-AABE-5A8B5E111E20-2-300x253.jpeg 300w, http:\/\/schule-in-den-grasgaerten.de\/wp-content\/uploads\/2024\/12\/0AC82EDE-B0E1-465A-AABE-5A8B5E111E20-2-768x648.jpeg 768w, http:\/\/schule-in-den-grasgaerten.de\/wp-content\/uploads\/2024\/12\/0AC82EDE-B0E1-465A-AABE-5A8B5E111E20-2-1536x1295.jpeg 1536w, http:\/\/schule-in-den-grasgaerten.de\/wp-content\/uploads\/2024\/12\/0AC82EDE-B0E1-465A-AABE-5A8B5E111E20-2-2048x1727.jpeg 2048w\" sizes=\"auto, (max-width: 1024px) 100vw, 1024px\" \/><\/figure><\/div>\n\n\n<div class=\"wp-block-columns is-layout-flex wp-container-core-columns-is-layout-1 wp-block-columns-is-layout-flex\">\n<div class=\"wp-block-column is-vertically-aligned-top is-layout-flow wp-block-column-is-layout-flow\">\n<p class=\"has-white-color has-white-background-color has-text-color has-background has-link-color wp-elements-f818070cbe647d7929783d0c3190eada\">m<\/p>\n<\/div>\n<\/div>\n\n\n\n<p class=\"has-text-align-center\">Klasse 1 <strong>Frau Lay<\/strong> &#8211; Sprechstunde:<\/p>\n\n\n\n<p class=\"has-text-align-center\">Klasse 2 <strong>Frau Braun<\/strong> und <strong>Herr Schwarz <\/strong>&#8211; Sprechstunde: <\/p>\n\n\n\n<p class=\"has-text-align-center\">Klasse 2-3 <strong>Frau Staub<\/strong> und <strong>Frau Kolanko<\/strong> &#8211; Sprechstunde:<\/p>\n\n\n\n<p class=\"has-text-align-center\">Klasse 3-4 <strong>Herr Scherer<\/strong> und <strong>Herr Sch\u00e4fer<\/strong> &#8211; Sprechstunde: Mo 11.00 &#8211; 12.00 Uhr, Do 12.30 &#8211; 13.30 Uhr<\/p>\n\n\n\n<p class=\"has-text-align-center\">Klasse 3 <strong>Frau Pistorius<\/strong> &#8211; Sprechstunde:<\/p>\n\n\n\n<p class=\"has-text-align-center\">Klasse 4 <strong>Frau H\u00e4user<\/strong> &#8211; Sprechstunde: <\/p>\n\n\n\n<p class=\"has-text-align-center\">Klasse 5 <strong>Frau Thinnes<\/strong> &#8211; Sprechstunde: <\/p>\n\n\n\n<p class=\"has-text-align-center\">Klasse 6 <strong>Frau Sornberger<\/strong> &#8211; Sprechstunde: <\/p>\n\n\n\n<p class=\"has-text-align-center\">Klasse 6-7 <strong>Frau Jung<\/strong> &#8211; Sprechstunde:<\/p>\n\n\n\n<p class=\"has-text-align-center\">Klasse 7 <strong>Frau Hermann<\/strong> und <strong>Frau Sturm<\/strong> &#8211; Sprechstunde:<\/p>\n\n\n\n<p class=\"has-text-align-center\">Klasse 8 <strong>Frau Gummel<\/strong> &#8211; Sprechstunde:<\/p>\n\n\n\n<p class=\"has-text-align-center\">Klasse 9 <strong>Frau Z\u00f6llner<\/strong> &#8211; Sprechstunde:<\/p>\n\n\n\n<p class=\"has-text-align-center\">Klasse 10 <strong>Frau Mendgen<\/strong> &#8211; Sprechstunde: <\/p>\n\n\n\n<p class=\"has-text-align-center\">Fachlehrerin <strong>Frau Leinenbach<\/strong> &#8211; Sprechstunde: Montag 09.45 &#8211; 10.30 Uhr<\/p>\n\n\n\n<p class=\"has-text-align-center\">Fachlehrerin <strong>Frau Krinke<\/strong><\/p>\n\n\n\n<p class=\"has-text-align-center\">Fachlehrerin <strong>Frau Niedrig<\/strong><\/p>\n\n\n\n<p class=\"has-text-align-center\">Fachlehrerin <strong>Frau Mick<\/strong><\/p>\n\n\n\n<p class=\"has-text-align-center\">p\u00e4dagogische Fachkraft <strong>Herr Werg<\/strong> <\/p>\n\n\n\n<p class=\"has-text-align-center has-small-font-size\" style=\"font-style:normal;font-weight:100\">(Bitte zu den Sprechstunden NUR nach telefonischer Vereinbarung mit der jeweiligen Lehrkraft erscheinen!)<\/p>\n\n\n\n<p class=\"has-white-color has-white-background-color has-text-color has-background has-link-color wp-elements-f818070cbe647d7929783d0c3190eada\">m<\/p>\n\n\n\n<p class=\"has-text-align-center\"><strong>Unsere beiden Vertrauenslehrer<\/strong>:<\/p>\n\n\n\n<p class=\"has-text-align-center\">Frau Mendgen und Herr Sch\u00e4fer<\/p>\n\n\n<div class=\"wp-block-image\">\n<figure class=\"aligncenter size-large is-resized\"><img loading=\"lazy\" decoding=\"async\" width=\"768\" height=\"1024\" src=\"http:\/\/schule-in-den-grasgaerten.de\/wp-content\/uploads\/2025\/04\/7D9B3698-985C-4F98-BF7E-EA87994339AD-768x1024.jpeg\" alt=\"\" class=\"wp-image-245\" style=\"width:274px;height:auto\" srcset=\"http:\/\/schule-in-den-grasgaerten.de\/wp-content\/uploads\/2025\/04\/7D9B3698-985C-4F98-BF7E-EA87994339AD-768x1024.jpeg 768w, http:\/\/schule-in-den-grasgaerten.de\/wp-content\/uploads\/2025\/04\/7D9B3698-985C-4F98-BF7E-EA87994339AD-225x300.jpeg 225w, http:\/\/schule-in-den-grasgaerten.de\/wp-content\/uploads\/2025\/04\/7D9B3698-985C-4F98-BF7E-EA87994339AD-1152x1536.jpeg 1152w, http:\/\/schule-in-den-grasgaerten.de\/wp-content\/uploads\/2025\/04\/7D9B3698-985C-4F98-BF7E-EA87994339AD-1536x2048.jpeg 1536w, http:\/\/schule-in-den-grasgaerten.de\/wp-content\/uploads\/2025\/04\/7D9B3698-985C-4F98-BF7E-EA87994339AD-scaled.jpeg 1920w\" sizes=\"auto, (max-width: 768px) 100vw, 768px\" \/><\/figure><\/div>\n\n\n<p class=\"has-text-align-center\">gew\u00e4hlt durch die Sch\u00fclerinnen und Sch\u00fcler.<\/p>\n","protected":false},"excerpt":{"rendered":"<p>m Klasse 1 Frau Lay &#8211; Sprechstunde: Klasse 2 Frau Braun und Herr Schwarz &#8211; Sprechstunde: Klasse 2-3 Frau Staub und Frau Kolanko &#8211; Sprechstunde: Klasse 3-4 Herr Scherer und Herr Sch\u00e4fer &#8211; Sprechstunde: Mo 11.00 &#8211; 12.00 Uhr, Do 12.30 &#8211; 13.30 Uhr Klasse 3 Frau Pistorius &#8211; Sprechstunde: Klasse 4 Frau H\u00e4user &#8211; [&hellip;]<\/p>\n","protected":false},"author":1,"featured_media":110,"parent":0,"menu_order":0,"comment_status":"closed","ping_status":"closed","template":"","meta":{"footnotes":""},"class_list":["post-35","page","type-page","status-publish","has-post-thumbnail","hentry"],"_links":{"self":[{"href":"http:\/\/schule-in-den-grasgaerten.de\/index.php?rest_route=\/wp\/v2\/pages\/35","targetHints":{"allow":["GET"]}}],"collection":[{"href":"http:\/\/schule-in-den-grasgaerten.de\/index.php?rest_route=\/wp\/v2\/pages"}],"about":[{"href":"http:\/\/schule-in-den-grasgaerten.de\/index.php?rest_route=\/wp\/v2\/types\/page"}],"author":[{"embeddable":true,"href":"http:\/\/schule-in-den-grasgaerten.de\/index.php?rest_route=\/wp\/v2\/users\/1"}],"replies":[{"embeddable":true,"href":"http:\/\/schule-in-den-grasgaerten.de\/index.php?rest_route=%2Fwp%2Fv2%2Fcomments&post=35"}],"version-history":[{"count":17,"href":"http:\/\/schule-in-den-grasgaerten.de\/index.php?rest_route=\/wp\/v2\/pages\/35\/revisions"}],"predecessor-version":[{"id":340,"href":"http:\/\/schule-in-den-grasgaerten.de\/index.php?rest_route=\/wp\/v2\/pages\/35\/revisions\/340"}],"wp:featuredmedia":[{"embeddable":true,"href":"http:\/\/schule-in-den-grasgaerten.de\/index.php?rest_route=\/wp\/v2\/media\/110"}],"wp:attachment":[{"href":"http:\/\/schule-in-den-grasgaerten.de\/index.php?rest_route=%2Fwp%2Fv2%2Fmedia&parent=35"}],"curies":[{"name":"wp","href":"https:\/\/api.w.org\/{rel}","templated":true}]}}