{"id":33,"date":"2025-04-08T17:49:59","date_gmt":"2025-04-08T15:49:59","guid":{"rendered":"http:\/\/schule-in-den-grasgaerten.de\/?page_id=33"},"modified":"2025-04-08T17:49:59","modified_gmt":"2025-04-08T15:49:59","slug":"foerderverein","status":"publish","type":"page","link":"http:\/\/schule-in-den-grasgaerten.de\/?page_id=33","title":{"rendered":"F\u00f6rderverein"},"content":{"rendered":"<div class=\"wp-block-image\">\n<figure class=\"aligncenter size-full\"><img loading=\"lazy\" decoding=\"async\" width=\"404\" height=\"378\" src=\"http:\/\/schule-in-den-grasgaerten.de\/wp-content\/uploads\/2025\/04\/image.png\" alt=\"\" class=\"wp-image-249\" srcset=\"http:\/\/schule-in-den-grasgaerten.de\/wp-content\/uploads\/2025\/04\/image.png 404w, http:\/\/schule-in-den-grasgaerten.de\/wp-content\/uploads\/2025\/04\/image-300x281.png 300w\" sizes=\"auto, (max-width: 404px) 100vw, 404px\" \/><\/figure><\/div>\n\n\n<p><strong>Was machen wir?<\/strong><\/p>\n\n\n\n<ul class=\"wp-block-list\">\n<li>Hilfe bei Lehr- und Lernmitteln\n<ul class=\"wp-block-list\">\n<li>Anschaffungen wie beispielsweise Spielger\u00e4te auf dem Pausenhof<\/li>\n\n\n\n<li>Anschaffungen f\u00fcr Spiele zur Pausenausleihe<\/li>\n\n\n\n<li>\u00dcbernahme der Kosten f\u00fcr die Hausaufgabenhefte<\/li>\n\n\n\n<li>Unterst\u00fctzung der Ausgaben f\u00fcr AG\u00b4s<\/li>\n\n\n\n<li>Organisation und Unterst\u00fctzung bei schulischen Feiern<\/li>\n<\/ul>\n<\/li>\n\n\n\n<li>Beratung der Erziehungsberechtigten<\/li>\n\n\n\n<li>Aufkl\u00e4rung der \u00d6ffentlichkeit \u00fcber die Probleme<\/li>\n\n\n\n<li>Unterst\u00fctzung und F\u00f6rderung nach der Schulentlassung<\/li>\n<\/ul>\n\n\n\n<p><strong>Wer sind wir?<\/strong><\/p>\n\n\n\n<ul class=\"wp-block-list\">\n<li>1. Vorsitzender Daniel Werner<\/li>\n\n\n\n<li>Schriftf\u00fchrerin Petra Leinenbach<\/li>\n\n\n\n<li>Kassiererin Daniela Mendgen<\/li>\n\n\n\n<li>Beisitzerin Maximiliane Krug<\/li>\n<\/ul>\n\n\n\n<p><strong>Was kostet die Mitgliedschaft?<\/strong><\/p>\n\n\n\n<ul class=\"wp-block-list\">\n<li>mindestens 12\u20ac im Jahr<\/li>\n\n\n\n<li>Jahresbeitrag kann selbst bestimmt werden <\/li>\n<\/ul>\n\n\n\n<p><strong>Wie kann ich Mitglied werden?<\/strong><\/p>\n\n\n\n<ul class=\"wp-block-list\">\n<li><a href=\"http:\/\/schule-in-den-grasgaerten.de\/wp-content\/uploads\/2025\/03\/Beitrittserklaerung-Foerderverein.pdf\" data-type=\"attachment\" data-id=\"162\">Beitrittserkla\u0308rung Fo\u0308rderverein<\/a> ausf\u00fcllen und in der Schule abgeben<\/li>\n<\/ul>\n\n\n\n<p class=\"has-white-color has-white-background-color has-text-color has-background has-link-color wp-elements-f818070cbe647d7929783d0c3190eada\">m<\/p>\n\n\n\n<p class=\"has-text-align-center\">Wir freuen uns auf zahlreiche neue Mitglieder!<\/p>\n","protected":false},"excerpt":{"rendered":"<p>Was machen wir? Wer sind wir? Was kostet die Mitgliedschaft? Wie kann ich Mitglied werden? m Wir freuen uns auf zahlreiche neue Mitglieder!<\/p>\n","protected":false},"author":1,"featured_media":0,"parent":0,"menu_order":0,"comment_status":"closed","ping_status":"closed","template":"","meta":{"footnotes":""},"class_list":["post-33","page","type-page","status-publish","hentry"],"_links":{"self":[{"href":"http:\/\/schule-in-den-grasgaerten.de\/index.php?rest_route=\/wp\/v2\/pages\/33","targetHints":{"allow":["GET"]}}],"collection":[{"href":"http:\/\/schule-in-den-grasgaerten.de\/index.php?rest_route=\/wp\/v2\/pages"}],"about":[{"href":"http:\/\/schule-in-den-grasgaerten.de\/index.php?rest_route=\/wp\/v2\/types\/page"}],"author":[{"embeddable":true,"href":"http:\/\/schule-in-den-grasgaerten.de\/index.php?rest_route=\/wp\/v2\/users\/1"}],"replies":[{"embeddable":true,"href":"http:\/\/schule-in-den-grasgaerten.de\/index.php?rest_route=%2Fwp%2Fv2%2Fcomments&post=33"}],"version-history":[{"count":4,"href":"http:\/\/schule-in-den-grasgaerten.de\/index.php?rest_route=\/wp\/v2\/pages\/33\/revisions"}],"predecessor-version":[{"id":253,"href":"http:\/\/schule-in-den-grasgaerten.de\/index.php?rest_route=\/wp\/v2\/pages\/33\/revisions\/253"}],"wp:attachment":[{"href":"http:\/\/schule-in-den-grasgaerten.de\/index.php?rest_route=%2Fwp%2Fv2%2Fmedia&parent=33"}],"curies":[{"name":"wp","href":"https:\/\/api.w.org\/{rel}","templated":true}]}}