{"id":154,"date":"2025-04-08T18:40:27","date_gmt":"2025-04-08T16:40:27","guid":{"rendered":"http:\/\/schule-in-den-grasgaerten.de\/?page_id=154"},"modified":"2025-04-08T18:40:27","modified_gmt":"2025-04-08T16:40:27","slug":"impressum","status":"publish","type":"page","link":"http:\/\/schule-in-den-grasgaerten.de\/?page_id=154","title":{"rendered":"Impressum"},"content":{"rendered":"\n<p><strong>Herausgeber<\/strong>:<\/p>\n\n\n\n<div class=\"wp-block-group\"><div class=\"wp-block-group__inner-container is-layout-constrained wp-block-group-is-layout-constrained\">\n<ul class=\"wp-block-list\">\n<li>Schule in den Grasg\u00e4rten <\/li>\n\n\n\n<li>Claudia Theobald, Schulleiterin<\/li>\n\n\n\n<li>In den Grasg\u00e4rten<\/li>\n\n\n\n<li>66126 Saarbr\u00fccken<\/li>\n\n\n\n<li>Tel.: 06898 441340, Fax: 06898 4413418<\/li>\n<\/ul>\n\n\n\n<p><strong>Diensteanbieter:<\/strong><\/p>\n\n\n\n<p>Diensteanbieter dieses Internetangebots ist das Saarland, vertreten durch den Minister f\u00fcr Bildung und Kultur, Trierer Str. 33, 66111 Saarbr\u00fccken, Telefon: 0681\/501-7565, URL: &nbsp;www.saarland.de\/85077.htm<\/p>\n\n\n\n<p><strong>Wichtige Hinweise:<\/strong><\/p>\n\n\n\n<p>Mit den aufgef\u00fchrten E-Mail-Adressen ist kein Zugang im Sinne des Verwaltungsverfahrensgesetzes er\u00f6ffnet.<br>F\u00fcr die Inhalte der von uns verlinkten Fremdangebote sind die jeweiligen Herausgeber verantwortlich.<\/p>\n\n\n\n<p><strong>Fotos und Bildmaterial<\/strong><\/p>\n\n\n\n<p>Das Kopieren und Verwenden unseres Foto- und Grafikmaterials ist nur mit Genehmigung zul\u00e4ssig.<\/p>\n<\/div><\/div>\n","protected":false},"excerpt":{"rendered":"<p>Herausgeber: Diensteanbieter: Diensteanbieter dieses Internetangebots ist das Saarland, vertreten durch den Minister f\u00fcr Bildung und Kultur, Trierer Str. 33, 66111 Saarbr\u00fccken, Telefon: 0681\/501-7565, URL: &nbsp;www.saarland.de\/85077.htm Wichtige Hinweise: Mit den aufgef\u00fchrten E-Mail-Adressen ist kein Zugang im Sinne des Verwaltungsverfahrensgesetzes er\u00f6ffnet.F\u00fcr die Inhalte der von uns verlinkten Fremdangebote sind die jeweiligen Herausgeber verantwortlich. Fotos und Bildmaterial Das [&hellip;]<\/p>\n","protected":false},"author":1,"featured_media":0,"parent":0,"menu_order":0,"comment_status":"closed","ping_status":"closed","template":"","meta":{"footnotes":""},"class_list":["post-154","page","type-page","status-publish","hentry"],"_links":{"self":[{"href":"http:\/\/schule-in-den-grasgaerten.de\/index.php?rest_route=\/wp\/v2\/pages\/154","targetHints":{"allow":["GET"]}}],"collection":[{"href":"http:\/\/schule-in-den-grasgaerten.de\/index.php?rest_route=\/wp\/v2\/pages"}],"about":[{"href":"http:\/\/schule-in-den-grasgaerten.de\/index.php?rest_route=\/wp\/v2\/types\/page"}],"author":[{"embeddable":true,"href":"http:\/\/schule-in-den-grasgaerten.de\/index.php?rest_route=\/wp\/v2\/users\/1"}],"replies":[{"embeddable":true,"href":"http:\/\/schule-in-den-grasgaerten.de\/index.php?rest_route=%2Fwp%2Fv2%2Fcomments&post=154"}],"version-history":[{"count":2,"href":"http:\/\/schule-in-den-grasgaerten.de\/index.php?rest_route=\/wp\/v2\/pages\/154\/revisions"}],"predecessor-version":[{"id":157,"href":"http:\/\/schule-in-den-grasgaerten.de\/index.php?rest_route=\/wp\/v2\/pages\/154\/revisions\/157"}],"wp:attachment":[{"href":"http:\/\/schule-in-den-grasgaerten.de\/index.php?rest_route=%2Fwp%2Fv2%2Fmedia&parent=154"}],"curies":[{"name":"wp","href":"https:\/\/api.w.org\/{rel}","templated":true}]}}